{"id":1124,"date":"2014-08-02T00:40:23","date_gmt":"2014-08-02T00:40:23","guid":{"rendered":"https:\/\/bestherapie.com\/?page_id=1124"},"modified":"2025-01-07T20:48:39","modified_gmt":"2025-01-07T19:48:39","slug":"kits-bestherapie","status":"publish","type":"page","link":"https:\/\/bestherapie.com\/en\/kits-bestherapie\/","title":{"rendered":"Bestherapie Kits"},"content":{"rendered":"<p>Bestherapie Ressources (Kits) are created by Roxana Chobriat\/Bestherapie, they are available during the counseling sessions; workshops\/conferences and&nbsp; only during sessions with clients \u2013 full list can be found <a title=\"KITS\" href=\"https:\/\/bestherapie.com\/kits-bestherapie\/\"><span style=\"color: #0080ff;\">here<\/span><\/a>: Below you can find a brief description related to client\u2019s feedback, chosen\/requested themes etc Every Bestherapie Kit contains: \u2013 a &nbsp;document (PDF)\/brochure; \u2013&nbsp; a quizz\/test, Bestherapie worksheets, success stories\/clients\u2019 feedback; \u2013&nbsp; a MP3: &nbsp;Every session is recorded (using a professional microphone &amp; software) and focuses on a specific subject that matches the whole kit information; it contains positive affirmations or hypnotherapy methods (metaphors, story-telling etc), minfulness exercises or guided visualisations. (<em>Note<\/em>: During face to face sessions, the extra sounds &#8211; nature sounds, music could be added according to custom-made scripts created for each client). Please, find below the list \u2013&nbsp; Bestherapie KITS:<\/p>\n<ol>\n<li>Kit Parents &amp; enfants&nbsp;: Le jeu \/ L\u2019hypno-th\u00e9rapie <strong>: L\u2019\u00e9nur\u00e9sie (pipi au lit : troubles \u00e9motionnels)&nbsp;: <\/strong>Une approche th\u00e9rapeutique efficace pour mieux aider nos enfants<\/li>\n<li>MON KIT&nbsp;: ANXIETE SOCIALE (phobie): STOP !<\/li>\n<li>Mon Kit: J\u2019accepte le changement pour \u00e9voluer&nbsp;: Au Revoir la peur&nbsp;!<\/li>\n<li>MON KIT : STOP CLAUSTROPHOBIE !<\/li>\n<li>MON KIT : JE GERE MA COLERE DES AUJOURD\u2019HUI !<\/li>\n<li>MON KIT : J\u2019arr\u00eate de manger compulsivement&nbsp;: aujourd\u2019hui je choisis l\u2019\u00e9quilibre yin &amp; yang !<\/li>\n<li>MON KIT&nbsp;: DEPRESSION : STOP !<\/li>\n<li>Mon Kit : J\u2019apprends l\u2019estime de moi car Je suis unique !<\/li>\n<li>Mon Kit : Relation saine versus relation toxique (Culpabilit\u00e9, Infid\u00e9lit\u00e9, Jalousie, manipulation, abus: \u00ab la boite \u00e0 Pandore \u00ab du couple\u2026)<\/li>\n<li>MON KIT : STOP PROCRASTINATION !<\/li>\n<li>MON KIT: ROMPRE AVEC le PASSE &amp; Le pardon : le chemin vers ma gu\u00e9rison !<\/li>\n<li>Mon kit : Je suis accro au shopping ! (J\u2019arr\u00eate les ACHATS COMPULSIFS !)<\/li>\n<li>MON Kit : Mal de t\u00eate, stress, \u00e9motions nuisibles\u2026: STOP !<\/li>\n<li>Mon KIT (parents &amp; ados) : TIC versus TOC : Je renifle, je grince les dents, je souffre d\u2019un TIC, au secours!<\/li>\n<li>MON KIT : LA PHOBIE DES TRANSPORTS (avion, voiture, train) : STOP !<\/li>\n<li>MON KIT&nbsp;: Famille recompos\u00e9e<\/li>\n<li>Mon kit&nbsp;: Je me r\u00e9invente aujourd\u2019hui&nbsp;: je d\u00e9couvre le but de ma vie&nbsp;!<\/li>\n<li>Mon Kit&nbsp;: Au revoir les angoisses&nbsp;: g\u00e9rer la peur d\u2019abandon&nbsp;!<\/li>\n<li>MON KIT ADOS \/Parents: HARCELEMENT&nbsp;\u00e0 l\u2019\u00e9cole et cyber-harc\u00e8lement&nbsp;:STOP&nbsp;!<\/li>\n<li>Kit Bestherapie: Healing your inner child.<\/li>\n<li>Mon Kit: LA PERTE D\u2019UN ETRE CHER \/&nbsp;Les \u00e9tapes du deui<\/li>\n<li>Mon Kit<strong> Mindfulness: <\/strong><em>Exercices pratiques pour combattre les angoisses, les crises de panique,les perfectionnisme,&nbsp;les compulsions; pour am\u00e9liorer la concentration&nbsp;et changer de vie concr\u00e8tement!<\/em><\/li>\n<li>Mon Kit&nbsp;:<strong> Burnout: STOP!<\/strong> J&#8217;apprends l&#8217;affirmation de soi, j&#8217;apprends \u00e0 dire &#8220;NON&#8221; au travail!<\/li>\n<li>Mon&nbsp;Kit ADDICTIONS <strong>(en cours)<\/strong><\/li>\n<\/ol>\n<p><strong>Copyright <\/strong>\u00a9<strong>2014 \u2013 2025 Bestherapie Tous droits r\u00e9serv\u00e9s\/All rights reserved (EU, UE, France)<\/strong> <strong>Note:<\/strong> Each Kit is procted and registered in a French, UE and USA Intellectual Property database. The whole content was\/is created and belongs to Roxana Chobriat\/Bestherapie. <strong>The kits include custom-made&nbsp;material based on Bestherapie sessions and&nbsp;efficient feedback from clients&nbsp;and they can not replace an one-to-one session!<\/strong> ALL&nbsp;content of Bestherapie Ressources is based on Professional experiences during Bestherapie sessions. Many thanks to Bestherapie clients that suggested me to make these Kits available out there and agreed that Bestherapie could use their successs stories and feedback during the elaboration of these Kits, during the workshops, the conferences fully&nbsp;created and presented by Bestherapie. For more details, please visit our Success Stories \/ T\u00e9moignages mixed page (French and English) <a title=\"Feedback; T\u00e9moignages\" href=\"https:\/\/bestherapie.com\/temoignages\/\"><span style=\"color: #0080ff;\">here.<\/span><\/a> Each Kit contains useful basic information to help&nbsp;any person that&nbsp;looks for some&nbsp;kind of information related to a specific problem (anxiety, burnout, procrastination, compulsions&nbsp;etc).&nbsp;Each kit&nbsp;has the purpose to offer&nbsp;the person&nbsp;this basic information about Solution Focused Therapy methods and tools, hypnotherapy, story-telling, NLP&nbsp; etc, therapeutical methods used efficiently. Each person is unic, having his\/her own background, so there are no \u201cmiracle\u201d solutions and it is up to every client to search and make the right decision for himself\/herself based on different approaches in therapy, the first contact with the practitioner. Bestherapie Kits&nbsp;include some&nbsp;exemples that I used successfully over the years&nbsp;in my personal developement and professional therapeutical approach. Please, keep in mind that every type of problem can be treated by a wide variety of methods, therapies and specialists. If you like to have more information, for any feedback, questions,&nbsp;custom-made session etc, please use the Contact page <a title=\"Contact\" href=\"https:\/\/bestherapie.com\/contact-2\/\"><span style=\"color: #0080ff;\">here<\/span><\/a> or send an email to:&nbsp;<strong>&nbsp;<a href=\"mailto:bestherapie.alsace@gmail.com\">bestherapie.alsace@gmail.com<\/a><\/strong> Thank you for choosing Bestherapie to guide you and let yourself experience this amazing \u201ctrip\u201d towards finding your way of inner Healing, Happiness and Serenity! <strong>Remember: You are the Master of your own life and there are unlimitted inner possibilities and ressources in every human being that wants to&nbsp;embrace peace, harmony of body, spirit and&nbsp;mind&nbsp;!<\/strong><\/p>\n","protected":false},"excerpt":{"rendered":"<p>Bestherapie Ressources (Kits) are created by Roxana Chobriat\/Bestherapie, they are available during the counseling sessions; workshops\/conferences and&nbsp; only during sessions with clients \u2013 full list can be found here: Below you can find a brief description related to client\u2019s feedback, chosen\/requested themes etc Every Bestherapie Kit contains: \u2013 a &nbsp;document (PDF)\/brochure; \u2013&nbsp; a quizz\/test, Bestherapie [&hellip;]<\/p>\n","protected":false},"author":1001003,"featured_media":0,"parent":0,"menu_order":0,"comment_status":"closed","ping_status":"closed","template":"","meta":{"_et_pb_use_builder":"","_et_pb_old_content":"","_et_gb_content_width":"","footnotes":""},"class_list":["post-1124","page","type-page","status-publish","hentry"],"aioseo_notices":[],"_links":{"self":[{"href":"https:\/\/bestherapie.com\/en\/wp-json\/wp\/v2\/pages\/1124","targetHints":{"allow":["GET"]}}],"collection":[{"href":"https:\/\/bestherapie.com\/en\/wp-json\/wp\/v2\/pages"}],"about":[{"href":"https:\/\/bestherapie.com\/en\/wp-json\/wp\/v2\/types\/page"}],"author":[{"embeddable":true,"href":"https:\/\/bestherapie.com\/en\/wp-json\/wp\/v2\/users\/1001003"}],"replies":[{"embeddable":true,"href":"https:\/\/bestherapie.com\/en\/wp-json\/wp\/v2\/comments?post=1124"}],"version-history":[{"count":5,"href":"https:\/\/bestherapie.com\/en\/wp-json\/wp\/v2\/pages\/1124\/revisions"}],"predecessor-version":[{"id":3635,"href":"https:\/\/bestherapie.com\/en\/wp-json\/wp\/v2\/pages\/1124\/revisions\/3635"}],"wp:attachment":[{"href":"https:\/\/bestherapie.com\/en\/wp-json\/wp\/v2\/media?parent=1124"}],"curies":[{"name":"wp","href":"https:\/\/api.w.org\/{rel}","templated":true}]}}