{"id":1258,"date":"2014-11-19T14:51:05","date_gmt":"2014-11-19T14:51:05","guid":{"rendered":"https:\/\/bestherapie.com\/?page_id=1258"},"modified":"2021-10-08T22:57:58","modified_gmt":"2021-10-08T20:57:58","slug":"stop-a-la-procrastination","status":"publish","type":"page","link":"https:\/\/bestherapie.com\/en\/stop-a-la-procrastination\/","title":{"rendered":"Procrastination: STOP!"},"content":{"rendered":"<p><strong><img loading=\"lazy\" decoding=\"async\" class=\"alignleft size-medium wp-image-1261\" src=\"https:\/\/bestherapie.com\/wp-content\/uploads\/2014\/11\/procrastination-little-250x300.png\" alt=\"procrastination little\" width=\"250\" height=\"300\" srcset=\"https:\/\/bestherapie.com\/wp-content\/uploads\/2014\/11\/procrastination-little-250x300.png 250w, https:\/\/bestherapie.com\/wp-content\/uploads\/2014\/11\/procrastination-little.png 315w\" sizes=\"(max-width: 250px) 100vw, 250px\" \/><\/strong><\/p>\n<div>\n<p><strong>Dates:<\/strong>\u00a0pour conna\u00eetre les dates de cette conf\u00e9rence\/atelier, merci de consulter cette\u00a0<a href=\"http:\/\/bestherapie.com\/ateliers-groupe-de-soutien\/\">page<\/a>.<\/p>\n<p><strong>Dur\u00e9e\u00a0: 1h.30 \u2013 2h<\/strong><\/p>\n<p><strong>Prix\u00a0: 25 euros\/participant<\/strong><\/p>\n<p><strong><em>Public concern\u00e9:<\/em>\u00a0 Toute personne\u00a0qui a besoin (ou qui souhaite tout simplement)\u00a0apprendre \u00e0 booster sa motivation &amp; \u00e0 g\u00e9rer\u00a0certains aspects qui lui \u00e9chappent (gestion du temps, du stress, manque de confiance en soi, apathie\u00a0ou autre chose intrins\u00e8que \u00a0qui devient un \u00ab\u00a0faux\u00a0\u00bb obstacle et qui\u00a0emp\u00eache la r\u00e9alisation d\u2019un projet personnel ou professionnel\u00a0simple (court-terme), ou complexe (long-terme).<\/strong><\/p>\n<p><strong>M\u00e9thodes et outils : P<\/strong>r\u00e9sentation power point; fiches pratiques\/\u00e9tudes de cas; KIT &amp; Ressources Bestherapie.<\/p>\n<p><strong>Objectifs &amp; description<\/strong>:<\/p>\n<p><strong>\u2013\u00a0<\/strong>Comprendre pour quoi on n\u2019arrive pas \u00e0 prioriser, \u00e0 rester motiv\u00e9 &amp; on repousse encore et encore les t\u00e2ches;<\/p>\n<p>\u2013\u00a0<strong>\u00a0Apprendre \u00a0comment on peut changer cette habitude nuisible\u00a0\u00a0<\/strong>(qui d\u00e9termine beaucoup de stress dans la vie personnelle et\/ou professionnelle);<\/p>\n<div id=\"yiv9126317826yui_3_16_0_1_1416390351846_14206\">\u00a0<strong><em>\u2013\u00a0<\/em><\/strong>\u00a0D\u00e9finition, causes,\u00a0<strong>solutions, astuces concr\u00e8tes<\/strong>: apprendre \u00e0 mieux g\u00e9rer son temps, ses \u00e9motions (confiance en soi), son stress; \u00e0 mieux s\u2019organiser et surtout \u00e0 simplifier les choses\/t\u00e2ches, \u00e0\u00a0s\u2019offrir des \u00ab\u00a0r\u00e9compenses\u00a0\u00bb pour se booster, \u00e0 faire son\u00a0propre \u00ab\u00a0carnet de route\u00a0\u00bb (journal au quotidien ce qu\u2019on appelle en anglais les \u00ab\u00a0to do\u00a0\u00bb listes, c\u2019est \u00e0 dire des\u00a0listes avec des choses \u00e0 faire jour apr\u00e8s jour et\/ou hebdomadaire).<\/div>\n<div><\/div>\n<div><strong>Conclusion\u00a0; Q&amp;R<\/strong><\/div>\n<div><\/div>\n<div><strong><em>Note:<\/em><\/strong>\u00a0<em>Les m\u00e9thodes pr\u00e9sent\u00e9es pendant cette conf\u00e9rence\u00a0sont des exemples\u00a0des m\u00e9thodes efficaces,\u00a0personnalis\u00e9es, orient\u00e9es vers la solution et\u00a0donc\u00a0appr\u00e9ci\u00e9es par les clients qui les\u00a0utilisent\u00a0dans le cadre des\u00a0ateliers et des s\u00e9ances individuelles de coaching de vie et professionnel Bestherapie.<\/em><\/div>\n<div><\/div>\n<div><strong>ATTENTION: Places limit\u00e9es!<\/strong><\/div>\n<div><\/div>\n<div><strong>Note :\u00a0<\/strong>Les conf\u00e9rences &amp; les ateliers Bestherapie sont r\u00e9alis\u00e9s en totalit\u00e9 par Bestherapie (contenu, informations etc)\u00a0; les brochures et le mat\u00e9riel (fiches, exercices pratiques, mindfulness, visualisation, hypnose th\u00e9rapeutique etc) et les ressources\/\u00a0<strong>KITS Bestherapie<\/strong>\u00a0sont disponibles pendant les conf\u00e9rences, pendant les ateliers Bestherapie, sur demande. Pour plus de d\u00e9tails, veuillez consulter la page\u00a0<strong>Mentions l\u00e9gales<\/strong>\u00a0(droits d\u2019auteur) ou contacter Roxana Chobriat\u00a0<a title=\"contact\" href=\"http:\/\/bestherapie.com\/contact-2\/\"><strong>ici<\/strong><\/a>.<\/div>\n<\/div>\n","protected":false},"excerpt":{"rendered":"<p>Dates:\u00a0pour conna\u00eetre les dates de cette conf\u00e9rence\/atelier, merci de consulter cette\u00a0page. Dur\u00e9e\u00a0: 1h.30 \u2013 2h Prix\u00a0: 25 euros\/participant Public concern\u00e9:\u00a0 Toute personne\u00a0qui a besoin (ou qui souhaite tout simplement)\u00a0apprendre \u00e0 booster sa motivation &amp; \u00e0 g\u00e9rer\u00a0certains aspects qui lui \u00e9chappent (gestion du temps, du stress, manque de confiance en soi, apathie\u00a0ou autre chose intrins\u00e8que \u00a0qui [&hellip;]<\/p>\n","protected":false},"author":1001003,"featured_media":0,"parent":0,"menu_order":0,"comment_status":"closed","ping_status":"closed","template":"","meta":{"_et_pb_use_builder":"","_et_pb_old_content":"","_et_gb_content_width":"","footnotes":""},"class_list":["post-1258","page","type-page","status-publish","hentry"],"aioseo_notices":[],"_links":{"self":[{"href":"https:\/\/bestherapie.com\/en\/wp-json\/wp\/v2\/pages\/1258","targetHints":{"allow":["GET"]}}],"collection":[{"href":"https:\/\/bestherapie.com\/en\/wp-json\/wp\/v2\/pages"}],"about":[{"href":"https:\/\/bestherapie.com\/en\/wp-json\/wp\/v2\/types\/page"}],"author":[{"embeddable":true,"href":"https:\/\/bestherapie.com\/en\/wp-json\/wp\/v2\/users\/1001003"}],"replies":[{"embeddable":true,"href":"https:\/\/bestherapie.com\/en\/wp-json\/wp\/v2\/comments?post=1258"}],"version-history":[{"count":5,"href":"https:\/\/bestherapie.com\/en\/wp-json\/wp\/v2\/pages\/1258\/revisions"}],"predecessor-version":[{"id":3273,"href":"https:\/\/bestherapie.com\/en\/wp-json\/wp\/v2\/pages\/1258\/revisions\/3273"}],"wp:attachment":[{"href":"https:\/\/bestherapie.com\/en\/wp-json\/wp\/v2\/media?parent=1258"}],"curies":[{"name":"wp","href":"https:\/\/api.w.org\/{rel}","templated":true}]}}