{"id":1426,"date":"2015-05-22T07:37:14","date_gmt":"2015-05-22T07:37:14","guid":{"rendered":"https:\/\/bestherapie.com\/?page_id=1426"},"modified":"2021-10-08T23:01:22","modified_gmt":"2021-10-08T21:01:22","slug":"le-couple-et-ses-mysteres","status":"publish","type":"page","link":"https:\/\/bestherapie.com\/en\/le-couple-et-ses-mysteres\/","title":{"rendered":"Relationships, couples & their mysteries"},"content":{"rendered":"<p><b><img loading=\"lazy\" decoding=\"async\" class=\"alignleft size-medium wp-image-1430\" src=\"https:\/\/bestherapie.com\/wp-content\/uploads\/2015\/05\/infid\u00e9lit\u00e9-couple-300x257.jpg\" alt=\"infid\u00e9lit\u00e9 couple\" width=\"300\" height=\"257\" srcset=\"https:\/\/bestherapie.com\/wp-content\/uploads\/2015\/05\/infid\u00e9lit\u00e9-couple-300x257.jpg 300w, https:\/\/bestherapie.com\/wp-content\/uploads\/2015\/05\/infid\u00e9lit\u00e9-couple.jpg 373w\" sizes=\"(max-width: 300px) 100vw, 300px\" \/><\/b><\/p>\n<p><b>Pour conna\u00eetre les dates de cette conf\u00e9rence, merci de consulter cette\u00a0<\/b><a href=\"http:\/\/bestherapie.com\/ateliers-groupe-de-soutien\/\"><b>page<\/b><\/a><b>.<\/b><\/p>\n<p><strong>Dur\u00e9e: 1h.30 \u2013 2h<\/strong><\/p>\n<p><strong>Public concern\u00e9\u00a0:\u00a0<\/strong>toute personne en couple ou c\u00e9libataire, (tout \u00e2ge \u00e0 partir de 18 ans),\u00a0relations mixtes (cultures diff\u00e9rentes etc),\u00a0ayant besoin de mieux comprendre ses besoins, atteintes d\u2019un partenaire de vie, \u00ab\u00a0le filtre de perception\u00a0\u00bb de l\u2019autre &amp;<em>\u00a0l\u2019unicit\u00e9 de chacun.<\/em><\/p>\n<p><strong>M\u00e9thodes et outils\u00a0:\u00a0<\/strong>pr\u00e9sentation power point; fiches pratiques (exemples \/extraits\/t\u00e9moignages); extraits du\u00a0<strong>kit Bestherapie<\/strong>: couple, infid\u00e9lit\u00e9, changement etc;<\/p>\n<p><strong>\u2013 extraits (astuces pratiques)\u00a0du livre (traduit en fran\u00e7ais) \u2013 \u00ab\u00a0La soupe au Poulet: S\u00e9duction, monogamie, adult\u00e8re et autres \u00ab petits \u00bb soucis qui ont besoin de th\u00e9rapie\u00a0\u00bb.<\/strong><\/p>\n<p>Veuillez\u00a0trouver plus sur le contenu concret du livre\u00a0<a href=\"http:\/\/bestherapie.com\/la-soupe-au-pouletseduction-monogamie-adultere-et-autres-petits-soucis-qui-ont-besoin-de-therapie\/\">ici.<\/a><\/p>\n<p>Article complet sur la th\u00e9rapie (et le coaching personnalis\u00e9 pour les couples):\u00a0<a href=\"http:\/\/bestherapie.com\/la-therapie-familiale-et-du-couple-comment-ca-fonctionne\/\">http:\/\/bestherapie.com\/la-therapie-familiale-et-du-couple-comment-ca-fonctionne\/<\/a><\/p>\n<p><strong>Objectifs &amp; description du programme\u00a0:<\/strong><\/p>\n<p>\u2013 D\u00e9finir\u00a0ses propres\u00a0besoins, atteintes d\u2019une vie de couple;<\/p>\n<p>\u2013\u00a0<strong>Relation saine versus relation toxique<\/strong>\u00a0\u2013<strong>\u00a0couple en d\u00e9rive<\/strong>, comprendre\u00a0<em>l\u2019attachement, peur d\u2019abandon, blessure du pass\u00e9<\/em>, les choix r\u00e9p\u00e9titifs, l\u2019\u00a0infid\u00e9lit\u00e9\u00a0: choix du partenaire (syst\u00e8me des valeurs, couple mixte etc)\u00a0;changement (l\u2019arriv\u00e9e d\u2019un b\u00e9b\u00e9, d\u00e9m\u00e9nagement, andropause\/m\u00e9nopause etc).<\/p>\n<p>\u2013 la bo\u00eete \u00e0 Pandore du couple\u00a0: l\u2019infid\u00e9lit\u00e9, le pouvoir, la \u00ab\u00a0cod\u00e9pendence\u00a0\u00bb (d\u00e9pendance affective), le chantage \u00e9motionnel, les filtres de perception diff\u00e9rents de chacun\u00a0; la gu\u00e9rison \u00e9motionnelle (rebondir apr\u00e8s une s\u00e9paration\/un divorce).<\/p>\n<p>\u2013 \u2013 La m\u00e9thode Bestherapie (exemples concrets \u2013 r\u00e9solution des conflits- \u00a0utilis\u00e9s pendant les\u00a0programmes d\u2019accompagnement personnalis\u00e9s Bestherapie\u00a0en suivant l\u2019historique et les objectifs de chaque couple).<\/p>\n<p>L\u2019article Bestherapie sur la cod\u00e9pendence:\u00a0<a href=\"http:\/\/bestherapie.com\/quest-ce-la-codependence\/\">http:\/\/bestherapie.com\/quest-ce-la-codependence\/<\/a><\/p>\n<p><strong>Conclusion \/ Q&amp;R (t\u00e9moignages)<\/strong><\/p>\n<p><strong>Note\u00a0:\u00a0<\/strong>Les conf\u00e9rences &amp; les ateliers Bestherapie sont r\u00e9alis\u00e9s en totalit\u00e9 par Bestherapie (contenu, informations etc)\u00a0; les brochures et le mat\u00e9riel (fiches, exercices pratiques, mindfulness, visualisation, hypnose th\u00e9rapeutique etc) et les ressources sont disponibles pendant les conf\u00e9rences, pendant les ateliers Bestherapie, sur demande. Pour plus de d\u00e9tails, veuillez consulter la page\u00a0<strong>Mentions l\u00e9gales<\/strong>\u00a0(droits d\u2019auteur) ou contacter Roxana Chobriat\u00a0<a title=\"contact\" href=\"http:\/\/bestherapie.com\/contact-2\/\"><strong>ici\u00a0<\/strong>:<\/a><\/p>\n<p>Les Ressources (Kits Bestherapie):\u00a0<a href=\"https:\/\/bestherapie.com\/kits-bestherapie\/\">http:\/\/bestherapie.com\/kits-bestherapie\/<\/a><\/p>\n<p>&nbsp;<\/p>\n<p>&nbsp;<\/p>\n","protected":false},"excerpt":{"rendered":"<p>Pour conna\u00eetre les dates de cette conf\u00e9rence, merci de consulter cette\u00a0page. Dur\u00e9e: 1h.30 \u2013 2h Public concern\u00e9\u00a0:\u00a0toute personne en couple ou c\u00e9libataire, (tout \u00e2ge \u00e0 partir de 18 ans),\u00a0relations mixtes (cultures diff\u00e9rentes etc),\u00a0ayant besoin de mieux comprendre ses besoins, atteintes d\u2019un partenaire de vie, \u00ab\u00a0le filtre de perception\u00a0\u00bb de l\u2019autre &amp;\u00a0l\u2019unicit\u00e9 de chacun. M\u00e9thodes et [&hellip;]<\/p>\n","protected":false},"author":1001003,"featured_media":0,"parent":0,"menu_order":0,"comment_status":"closed","ping_status":"closed","template":"","meta":{"_et_pb_use_builder":"","_et_pb_old_content":"","_et_gb_content_width":"","footnotes":""},"class_list":["post-1426","page","type-page","status-publish","hentry"],"aioseo_notices":[],"_links":{"self":[{"href":"https:\/\/bestherapie.com\/en\/wp-json\/wp\/v2\/pages\/1426","targetHints":{"allow":["GET"]}}],"collection":[{"href":"https:\/\/bestherapie.com\/en\/wp-json\/wp\/v2\/pages"}],"about":[{"href":"https:\/\/bestherapie.com\/en\/wp-json\/wp\/v2\/types\/page"}],"author":[{"embeddable":true,"href":"https:\/\/bestherapie.com\/en\/wp-json\/wp\/v2\/users\/1001003"}],"replies":[{"embeddable":true,"href":"https:\/\/bestherapie.com\/en\/wp-json\/wp\/v2\/comments?post=1426"}],"version-history":[{"count":5,"href":"https:\/\/bestherapie.com\/en\/wp-json\/wp\/v2\/pages\/1426\/revisions"}],"predecessor-version":[{"id":3276,"href":"https:\/\/bestherapie.com\/en\/wp-json\/wp\/v2\/pages\/1426\/revisions\/3276"}],"wp:attachment":[{"href":"https:\/\/bestherapie.com\/en\/wp-json\/wp\/v2\/media?parent=1426"}],"curies":[{"name":"wp","href":"https:\/\/api.w.org\/{rel}","templated":true}]}}