{"id":232,"date":"2014-02-26T11:00:17","date_gmt":"2014-02-26T11:00:17","guid":{"rendered":"https:\/\/bestherapie.com\/?page_id=232"},"modified":"2025-11-30T23:40:52","modified_gmt":"2025-11-30T22:40:52","slug":"informations-pratiques-2","status":"publish","type":"page","link":"https:\/\/bestherapie.com\/en\/informations-pratiques-2\/","title":{"rendered":"Informations Pratiques"},"content":{"rendered":"<p>O\u00f9 : Dans mon cabinet \u00e0 <strong>S\u00e9lestat 47 AU DIEWEG<\/strong><\/p>\n<p>Quand : <strong>du lundi au vendredi: de 9h00 \u00e0 19h.00 (inclus 12h.00 \u2013 14h.00) \u00a0<\/strong><\/p>\n<p>Dur\u00e9e : 50 min &#8211;\u00a0 tarif 70 euros; 60 mins &#8211; 80 euros<\/p>\n<p>Modalit\u00e9 de paiement : en esp\u00e8ce ou par cheque sur place<strong>;carte bancaire pas acept\u00e9e!<\/strong><\/p>\n<p>Fr\u00e9quence\u00a0: 1 fois \/ semaine ou 2 fois\/mois, flexible, selon vos besoins\/objectifs\u00a0;<\/p>\n<p><b>Des \u2018paquets\u2019 bilingues<\/b>\u00a0 en coaching &#8211; \u00a0dur\u00e9e 10h &#8211; \u00a0sont disponibles pour les demandeurs d\u2019emploi, pour les jeunes dipl\u00f4m\u00e9s, \u00e9tudiants)<\/p>\n<p>Tarif r\u00e9duit : 600 euros\/paquet de 10h ( coaching orientation professionnelle, reconversion, orientation scolaire etc)<\/p>\n<p><strong>Veuillez me contacter pour le coaching \/ atelier en Entreprise (\u00a0en fran\u00e7ais et en anglais)!<\/strong><\/p>\n<p><strong>Pour les rdv en ligne merci de consulter:\u00a0<\/strong><\/p>\n<p><strong><a href=\"https:\/\/bestherapie.com\/accompagnement-a-distance\/\">https:\/\/bestherapie.com\/accompagnement-a-distance\/<\/a><\/strong><\/p>\n","protected":false},"excerpt":{"rendered":"<p>O\u00f9 : Dans mon cabinet \u00e0 S\u00e9lestat 47 AU DIEWEG Quand : du lundi au vendredi: de 9h00 \u00e0 19h.00 (inclus 12h.00 \u2013 14h.00) \u00a0 Dur\u00e9e : 50 min &#8211;\u00a0 tarif 70 euros; 60 mins &#8211; 80 euros Modalit\u00e9 de paiement : en esp\u00e8ce ou par cheque sur place;carte bancaire pas acept\u00e9e! Fr\u00e9quence\u00a0: 1 fois [&hellip;]<\/p>\n","protected":false},"author":1001003,"featured_media":0,"parent":0,"menu_order":0,"comment_status":"closed","ping_status":"open","template":"","meta":{"_et_pb_use_builder":"","_et_pb_old_content":"","_et_gb_content_width":"","footnotes":""},"class_list":["post-232","page","type-page","status-publish","hentry"],"aioseo_notices":[],"_links":{"self":[{"href":"https:\/\/bestherapie.com\/en\/wp-json\/wp\/v2\/pages\/232","targetHints":{"allow":["GET"]}}],"collection":[{"href":"https:\/\/bestherapie.com\/en\/wp-json\/wp\/v2\/pages"}],"about":[{"href":"https:\/\/bestherapie.com\/en\/wp-json\/wp\/v2\/types\/page"}],"author":[{"embeddable":true,"href":"https:\/\/bestherapie.com\/en\/wp-json\/wp\/v2\/users\/1001003"}],"replies":[{"embeddable":true,"href":"https:\/\/bestherapie.com\/en\/wp-json\/wp\/v2\/comments?post=232"}],"version-history":[{"count":5,"href":"https:\/\/bestherapie.com\/en\/wp-json\/wp\/v2\/pages\/232\/revisions"}],"predecessor-version":[{"id":3739,"href":"https:\/\/bestherapie.com\/en\/wp-json\/wp\/v2\/pages\/232\/revisions\/3739"}],"wp:attachment":[{"href":"https:\/\/bestherapie.com\/en\/wp-json\/wp\/v2\/media?parent=232"}],"curies":[{"name":"wp","href":"https:\/\/api.w.org\/{rel}","templated":true}]}}