{"id":495,"date":"2014-03-08T18:39:44","date_gmt":"2014-03-08T18:39:44","guid":{"rendered":"https:\/\/bestherapie.com\/?page_id=495"},"modified":"2026-03-08T18:59:00","modified_gmt":"2026-03-08T17:59:00","slug":"bienvenue-sur-le-site-bestherapie","status":"publish","type":"page","link":"https:\/\/bestherapie.com\/en\/","title":{"rendered":"Welcome to Bestherapie"},"content":{"rendered":"<p>[et_pb_section][et_pb_row][et_pb_column type=&#8221;4_4&#8243;][et_pb_text]<\/p>\n<h2 style=\"text-align: left;\">Bienvenue sur Bestherapie<\/h2>\n<p style=\"text-align: left;\">Sp\u00e9cialis\u00e9e en th\u00e9rapie br\u00e8ve (solution focused therapy), en \u00a0hypnose ericksonienne, en EMDR\u00a0 et en coaching (de vie et professionnel), je vous propose un accompagnement personnalis\u00e9 bas\u00e9 sur plus de 15 ans d\u2019exp\u00e9rience acquise \u00e0 l\u2019international et en France. J\u2019ai mis en place \u00a0des programmes d&#8217;accompagnement, de coaching ou des ateliers adapt\u00e9s aux particuliers et aux entreprises en utilisant des m\u00e9thodes concr\u00e8tes et efficaces selon leurs objectifs. <b>Domaines des comp\u00e9tences\u00a0 que vous pouvez \u00e0 tout moment consulter sur mon site\u00a0<a title=\"Th\u00e9rapie, Coaching, Hypnose\" href=\"http:\/\/bestherapie.com\">Bestherapie.com<\/a>\u00a0<\/b><\/p>\n<ul style=\"text-align: left;\">\n<li><b><i>Th\u00e9rapie\u00a0<\/i>\/ Ateliers\u00a0:<\/b><\/li>\n<\/ul>\n<p style=\"text-align: left;\">Je re\u00e7ois dans mon cabinet \u00e0 S\u00e9lestat des personnes de tout \u00e2ge et toutes nationalit\u00e9s car mes programmes et mes m\u00e9thodes sont disponibles maintenant en<b>\u00a0fran\u00e7ais et en anglais.<\/b> Les m\u00e9thodes et les outils de th\u00e9rapies employ\u00e9s sont inspir\u00e9s de m\u00e9thodes r\u00e9centes dont l\u2019efficacit\u00e9 est valid\u00e9e par des essais cliniques:<b> Th\u00e9rapie Br\u00e8ve (Th\u00e9rapies Cognitives et Comportementales &#8211; TCC) \/ Th\u00e9rapie syst\u00e9mique \/ familiale \/ Hypnose \/ PNL \/ EMDR\/ Th\u00e9rapie par R\u00e9gression.<\/b><\/p>\n<ul style=\"text-align: left;\">\n<li><b>L\u2019Hypnose Ericksonienne\u00a0:<\/b><\/li>\n<\/ul>\n<p style=\"text-align: left;\">Je suis certifi\u00e9e (maitre en Hypnose Ericksonienne) et j\u2019ai eu l\u2019occasion de mieux connaitre l\u2019efficacit\u00e9 de cet outil il y a longtemps, apr\u00e8s l\u2019avoir utilis\u00e9 moi-m\u00eame pour d\u00e9passer les situations difficiles de ma vie personnelle (le deuil, les phobies etc). Elle permet de traiter et d\u2019am\u00e9liorer un panel tr\u00e8s large de sympt\u00f4mes, telles que les angoisses, les phobies, les TOC, les \u00e9nur\u00e9sies (pipi au lit des enfants), les troubles de sexualit\u00e9, confiance en soi etc (Veuillez consulter la section<b><a href=\"https:\/\/bestherapie.com\/les-applications\/\">&#8220;<\/a><\/b><strong><a href=\"https:\/\/bestherapie.com\/les-applications\/\"> Les applications de l&#8217;hypnose&#8221; <\/a><\/strong>sur mon site).<\/p>\n<p><strong>EMDR:\u00a0<\/strong><\/p>\n<p>Je suis certifi\u00e9e en EMDR , technique th\u00e9rapeutique reconnue \u00e0 l&#8217;international et par l&#8217;Organisation Mondiale de la Sant\u00e9 (OSM). Elle permet de traiter et d\u2019am\u00e9liorer un panel tr\u00e8s large de sympt\u00f4mes, telles que les \u00e9tats de stress post-traumatique, gestion des phobies, \u00a0troubles psychosomatiques et troubles du comportement (alimentaires), TOC, anxi\u00e9t\u00e9, deuil, cod\u00e9pendence\/d\u00e9pendance affective, peur d\u2019abandon, burnout.<\/p>\n<p>&nbsp;<\/p>\n<ul>\n<li><b><i>Coaching\u00a0<\/i><\/b><i>disponible en session face \u00e0 face ou \u00e0 distance<\/i><b>\u00a0:<\/b><\/li>\n<\/ul>\n<p style=\"text-align: left;\">&#8211; <b>professionnel : Accompagnement personnalis\u00e9,\u00a0\u00a0<\/b>bilan,\u00a0 reconversion\u00a0 professionnelle,\u00a0 stress\u00a0 (burnout)\u00a0 au\u00a0 travail,\u00a0 gestion de carri\u00e8re, changement du poste, du travail, cr\u00e9ation d\u2019entreprise etc &#8230;.<\/p>\n<p style=\"text-align: left;\">&#8211; <strong>d<\/strong><b>e vie\u00a0:\u00a0<\/b>conduite au changement, relation\/ mariage mixte, apprendre \u00e0 g\u00e9rer ses \u00e9motions, confiance en soi, estime de soi, gestion du temps, g\u00e9rer le stress au quotidien, d\u00e9veloppement personnel, orientation scolaire, am\u00e9liorer la communication avec les autres\/avec son enfant\/son partenaire de vie, soucis li\u00e9s \u00e0 l&#8217;adolescence\u00a0etc<\/p>\n<ul style=\"text-align: left;\">\n<li><strong><a href=\"https:\/\/bestherapie.com\/accompagnement-a-distance\/\">Accompagnement personnalis\u00e9 en ligne<\/a><\/strong> (Skype, Whatsapp, par t\u00e9l\u00e9phone, Zoom etc)<\/li>\n<\/ul>\n<p style=\"text-align: left;\"><b><i>&#8211; L&#8217;accompagnement \/ coaching \u00a0bilingue pour les entreprises<\/i>\u00a0:<\/b><\/p>\n<p style=\"text-align: left;\">Des\u00a0sessions de coaching\u00a0\/ ateliers\u00a0personnalis\u00e9s sont disponibles<b>\u00a0ou cr\u00e9\u00e9s sur mesure en fran\u00e7ais et en anglais: management, conduite au changement, gestion des conflits, gestion de l\u2019\u00e9quipe, leadership, n\u00e9gociation, communication, prise de\u00a0parole en public et\u00a0pr\u00e9sentations,\u00a0ressources humaines (recrutement, \u00e9valuation, motivation, performance etc).<\/b> Vous pouvez \u00e0 tout moment consulter la section qui vous int\u00e9resse sur mon site Bestherapie.com \u00a0et me contacter pour plus d\u2019informations\u00a0 par email <strong>\u00a0<a href=\"mailto:bestherapie.alsace@gmail.com\">bestherapie.alsace@gmail.com<\/a><\/strong> ou par t\u00e9l\u00e9phone: 06 13 73 43 56<\/p>\n<p>[\/et_pb_text][\/et_pb_column][\/et_pb_row][\/et_pb_section]<\/p>\n","protected":false},"excerpt":{"rendered":"<p><div class=\"et_pb_section et_pb_section_0 et_section_regular\" >\n\t\t\t\t\n\t\t\t\t\n\t\t\t\t\n\t\t\t\t\n\t\t\t\t\n\t\t\t\t\n\t\t\t\t\n\t\t\t\t\n\t\t\t\t\n\t\t\t<\/div><div class=\"et_pb_row et_pb_row_0 et_pb_row_empty\">\n\t\t\t\t\n\t\t\t\t\n\t\t\t\t\n\t\t\t\t\n\t\t\t\t\n\t\t\t<\/div><div class=\"et_pb_module et_pb_text et_pb_text_0  et_pb_text_align_left et_pb_bg_layout_light\">\n\t\t\t\t\n\t\t\t\t\n\t\t\t\t\n\t\t\t\t\n\t\t\t\t\n\t\t\t<\/div> Bienvenue sur Bestherapie Sp\u00e9cialis\u00e9e en th\u00e9rapie br\u00e8ve (solution focused therapy), en \u00a0hypnose ericksonienne, en EMDR\u00a0 et en coaching (de vie et professionnel), je vous propose un accompagnement personnalis\u00e9 bas\u00e9 sur plus de 15 ans d\u2019exp\u00e9rience acquise \u00e0 l\u2019international et en France. J\u2019ai mis en place \u00a0des programmes d&#8217;accompagnement, de coaching ou des ateliers adapt\u00e9s [&hellip;]<\/p>\n","protected":false},"author":1001003,"featured_media":0,"parent":0,"menu_order":0,"comment_status":"closed","ping_status":"open","template":"","meta":{"_et_pb_use_builder":"on","_et_pb_old_content":"<h2 style=\"text-align: left;\">Bienvenue sur Bestherapie<\/h2><p style=\"text-align: left;\">Sp\u00e9cialis\u00e9e en th\u00e9rapie br\u00e8ve (solution focused therapy), en \u00a0hypnose ericksonienne, en EMDR\u00a0 et en coaching (de vie et professionnel), je vous propose un accompagnement personnalis\u00e9 bas\u00e9 sur plus de 15 ans d\u2019exp\u00e9rience acquise \u00e0 l\u2019international et en France. J\u2019ai mis en place \u00a0des programmes d'accompagnement, de coaching ou des ateliers adapt\u00e9s aux particuliers et aux entreprises en utilisant des m\u00e9thodes concr\u00e8tes et efficaces selon leurs objectifs. <b>Domaines des comp\u00e9tences\u00a0 que vous pouvez \u00e0 tout moment consulter sur mon site\u00a0<a title=\"Th\u00e9rapie, Coaching, Hypnose\" href=\"http:\/\/bestherapie.com\">Bestherapie.com<\/a>\u00a0<\/b><\/p><ul style=\"text-align: left;\"><li><b><i>Th\u00e9rapie\u00a0<\/i>\/ Ateliers\u00a0:<\/b><\/li><\/ul><p style=\"text-align: left;\">Je re\u00e7ois dans mon cabinet \u00e0 S\u00e9lestat des personnes de tout \u00e2ge et toutes nationalit\u00e9s car mes programmes et mes m\u00e9thodes sont disponibles maintenant en<b>\u00a0fran\u00e7ais et en anglais.<\/b> Les m\u00e9thodes et les outils de th\u00e9rapies employ\u00e9s sont inspir\u00e9s de m\u00e9thodes r\u00e9centes dont l\u2019efficacit\u00e9 est valid\u00e9e par des essais cliniques:<b> Th\u00e9rapie Br\u00e8ve (Th\u00e9rapies Cognitives et Comportementales - TCC) \/ Th\u00e9rapie syst\u00e9mique \/ familiale \/ Hypnose \/ PNL \/ EMDR\/ Th\u00e9rapie par R\u00e9gression.<\/b><\/p><ul style=\"text-align: left;\"><li><b>L\u2019Hypnose Ericksonienne\u00a0:<\/b><\/li><\/ul><p style=\"text-align: left;\">Je suis certifi\u00e9e (maitre en Hypnose Ericksonienne) et j\u2019ai eu l\u2019occasion de mieux connaitre l\u2019efficacit\u00e9 de cet outil il y a longtemps, apr\u00e8s l\u2019avoir utilis\u00e9 moi-m\u00eame pour d\u00e9passer les situations difficiles de ma vie personnelle (le deuil, les phobies etc). Elle permet de traiter et d\u2019am\u00e9liorer un panel tr\u00e8s large de sympt\u00f4mes, telles que les angoisses, les phobies, les TOC, les \u00e9nur\u00e9sies (pipi au lit des enfants), les troubles de sexualit\u00e9, confiance en soi etc (Veuillez consulter la section<b><a href=\"https:\/\/bestherapie.com\/les-applications\/\">\"<\/a><\/b><strong><a href=\"https:\/\/bestherapie.com\/les-applications\/\"> Les applications de l'hypnose\" <\/a><\/strong>sur mon site).<\/p><p><strong>EMDR:\u00a0<\/strong><\/p><p>Je suis certifi\u00e9e en EMDR , technique th\u00e9rapeutique reconnue \u00e0 l'international et par l'Organisation Mondiale de la Sant\u00e9 (OSM). Elle permet de traiter et d\u2019am\u00e9liorer un panel tr\u00e8s large de sympt\u00f4mes, telles que les \u00e9tats de stress post-traumatique, gestion des phobies, \u00a0troubles psychosomatiques et troubles du comportement (alimentaires), TOC, anxi\u00e9t\u00e9, deuil, cod\u00e9pendence\/d\u00e9pendance affective, peur d\u2019abandon, burnout.<\/p><p>\u00a0<\/p><ul><li><b><i>Coaching\u00a0<\/i><\/b><i>disponible en session face \u00e0 face ou \u00e0 distance<\/i><b>\u00a0:<\/b><\/li><\/ul><p style=\"text-align: left;\">- <b>professionnel : Accompagnement personnalis\u00e9,\u00a0\u00a0<\/b>bilan,\u00a0 reconversion\u00a0 professionnelle,\u00a0 stress\u00a0 (burnout)\u00a0 au\u00a0 travail,\u00a0 gestion de carri\u00e8re, changement du poste, du travail, cr\u00e9ation d\u2019entreprise etc ....<\/p><p style=\"text-align: left;\">- <strong>d<\/strong><b>e vie\u00a0:\u00a0<\/b>conduite au changement, relation\/ mariage mixte, apprendre \u00e0 g\u00e9rer ses \u00e9motions, confiance en soi, estime de soi, gestion du temps, g\u00e9rer le stress au quotidien, d\u00e9veloppement personnel, orientation scolaire, am\u00e9liorer la communication avec les autres\/avec son enfant\/son partenaire de vie, soucis li\u00e9s \u00e0 l'adolescence\u00a0etc<\/p><ul style=\"text-align: left;\"><li><strong><a href=\"https:\/\/bestherapie.com\/accompagnement-a-distance\/\">Accompagnement personnalis\u00e9 en ligne<\/a><\/strong> (Skype, Whatsapp, par t\u00e9l\u00e9phone, Zoom etc)<\/li><\/ul><p style=\"text-align: left;\"><b><i>- L'accompagnement \/ coaching \u00a0bilingue pour les entreprises<\/i>\u00a0:<\/b><\/p><p style=\"text-align: left;\">Des\u00a0sessions de coaching\u00a0\/ ateliers\u00a0personnalis\u00e9s sont disponibles<b>\u00a0ou cr\u00e9\u00e9s sur mesure en fran\u00e7ais et en anglais: management, conduite au changement, gestion des conflits, gestion de l\u2019\u00e9quipe, leadership, n\u00e9gociation, communication, prise de\u00a0parole en public et\u00a0pr\u00e9sentations,\u00a0ressources humaines (recrutement, \u00e9valuation, motivation, performance etc).<\/b> Vous pouvez \u00e0 tout moment consulter la section qui vous int\u00e9resse sur mon site Bestherapie.com \u00a0et me contacter pour plus d\u2019informations\u00a0 par email <strong>\u00a0<a href=\"mailto:bestherapie.alsace@gmail.com\">bestherapie.alsace@gmail.com<\/a><\/strong> ou par t\u00e9l\u00e9phone: 06 13 73 43 56<\/p>","_et_gb_content_width":"","footnotes":""},"class_list":["post-495","page","type-page","status-publish","hentry"],"aioseo_notices":[],"_links":{"self":[{"href":"https:\/\/bestherapie.com\/en\/wp-json\/wp\/v2\/pages\/495","targetHints":{"allow":["GET"]}}],"collection":[{"href":"https:\/\/bestherapie.com\/en\/wp-json\/wp\/v2\/pages"}],"about":[{"href":"https:\/\/bestherapie.com\/en\/wp-json\/wp\/v2\/types\/page"}],"author":[{"embeddable":true,"href":"https:\/\/bestherapie.com\/en\/wp-json\/wp\/v2\/users\/1001003"}],"replies":[{"embeddable":true,"href":"https:\/\/bestherapie.com\/en\/wp-json\/wp\/v2\/comments?post=495"}],"version-history":[{"count":5,"href":"https:\/\/bestherapie.com\/en\/wp-json\/wp\/v2\/pages\/495\/revisions"}],"predecessor-version":[{"id":3757,"href":"https:\/\/bestherapie.com\/en\/wp-json\/wp\/v2\/pages\/495\/revisions\/3757"}],"wp:attachment":[{"href":"https:\/\/bestherapie.com\/en\/wp-json\/wp\/v2\/media?parent=495"}],"curies":[{"name":"wp","href":"https:\/\/api.w.org\/{rel}","templated":true}]}}