{"id":939,"date":"2014-05-29T13:51:22","date_gmt":"2014-05-29T13:51:22","guid":{"rendered":"https:\/\/bestherapie.com\/?page_id=939"},"modified":"2021-10-08T23:02:14","modified_gmt":"2021-10-08T21:02:14","slug":"mon-ado-est-accroque-faire","status":"publish","type":"page","link":"https:\/\/bestherapie.com\/en\/mon-ado-est-accroque-faire\/","title":{"rendered":"My teenager is an addict...how can I help him\/her?"},"content":{"rendered":"<p><strong><img loading=\"lazy\" decoding=\"async\" class=\"alignleft size-medium wp-image-940\" src=\"https:\/\/bestherapie.com\/wp-content\/uploads\/2014\/05\/ado-difficile-300x198.jpg\" alt=\"ado difficile\" width=\"300\" height=\"198\" srcset=\"https:\/\/bestherapie.com\/wp-content\/uploads\/2014\/05\/ado-difficile-300x198.jpg 300w, https:\/\/bestherapie.com\/wp-content\/uploads\/2014\/05\/ado-difficile.jpg 424w\" sizes=\"(max-width: 300px) 100vw, 300px\" \/><\/strong><\/p>\n<p><strong>Pour conna\u00eetre les dates de cette conf\u00e9rence, merci de consulter cette\u00a0<a href=\"http:\/\/bestherapie.com\/ateliers-groupe-de-soutien\/\">page<\/a>.<\/strong><\/p>\n<p>Dur\u00e9e: 1h.30 \u2013 2h<\/p>\n<p><strong>Public concern\u00e9\u00a0:\u00a0<\/strong>parents, personnes qui travaillent (m\u00eame b\u00e9n\u00e9volement) et qui rencontrent ces probl\u00e8mes.<\/p>\n<p><strong>M\u00e9thodes et outils\u00a0:\u00a0<\/strong>pr\u00e9sentation power point; fiches pratiques\u00a0: test (Votre ado, est-t-il accro)\u00a0;\u00a0outils pour les parents\u00a0: (comment communiquer avec les ados\u00a0; choses \u00e0 faire \u00e0 ne pas faire; astuces concr\u00e8tes\u00a0; la gestion du conflit).<\/p>\n<p><strong>Objectifs &amp; description du programme\u00a0:<\/strong><\/p>\n<p>\u2013\u00a0\u00a0\u00a0\u00a0\u00a0\u00a0\u00a0\u00a0\u00a0 Comprendre la diff\u00e9rence entre l\u2019alcoolisme et la d\u00e9pendance de la drogue\u00a0; l\u2019abus des substances et la d\u00e9pendance (quelques notions\u00a0: la dopamine, le sevrage, la tol\u00e9rance)\u00a0;<br \/>\n\u2013\u00a0\u00a0\u00a0\u00a0\u00a0\u00a0\u00a0\u00a0\u00a0 Types de drogues les plus utilis\u00e9s par les ados\u00a0: marijuana, cannabis etc<br \/>\n\u2013\u00a0\u00a0\u00a0\u00a0\u00a0\u00a0\u00a0\u00a0\u00a0 Identifier les \u00ab\u00a0signaux\u00a0\u00bb, les sympt\u00f4mes (physique, \u00e9motionnels, du comportement etc)\u00a0;<br \/>\n\u2013\u00a0\u00a0\u00a0\u00a0\u00a0\u00a0\u00a0\u00a0\u00a0 Possibles causes\u00a0: (besoin d\u2019appartenance \u00e0 un groupe, pression du groupe, troubles \u00e9motionnels, manque de confiance en soi, traumatisme, changement, famille dysfonctionnelle, stress, d\u00e9pression, col\u00e8re, harc\u00e8lement etc)<br \/>\n\u2013\u00a0\u00a0\u00a0\u00a0\u00a0\u00a0\u00a0\u00a0\u00a0 Mythes et pr\u00e9jug\u00e9s. (la d\u00e9pendance n\u2019est pas une \u00ab\u00a0vice\u00a0\u00bb, \u00a0mais une \u2018maladie\u2019 \u2013 comprendre\u00a0la dopamine \/\u00a0 la r\u00e9compense etc)<br \/>\n\u2013\u00a0\u00a0\u00a0\u00a0\u00a0\u00a0\u00a0\u00a0\u00a0 Cons\u00e9quences &amp; dangers\u00a0: (sant\u00e9, psychologiques, d\u00e9viance comportementale\u00a0: prison, conduire sous l\u2019influence de l\u2019alcool ou de la drogue etc)<br \/>\n\u2013\u00a0\u00a0\u00a0\u00a0\u00a0\u00a0\u00a0\u00a0\u00a0 Pr\u00e9venir ou gu\u00e9rir\u00a0; Solutions adapt\u00e9es (\u00e2ge, personnalit\u00e9 de l\u2019ado, historique etc)\u00a0: th\u00e9rapie individuelle, familiale, hypno th\u00e9rapie (compulsions\u00a0: comment \u00e7a marche\u00a0?)\u00a0; groupe th\u00e9rapeutiques\u00a0; groupe de soutien\u00a0: Groupe de 12 pas. Al ATeen (groupe pour les ados qui vivent avec un parent d\u00e9pendant)\u00a0; l\u2019efficacit\u00e9 et la diff\u00e9rence entre les groupes d\u2019entraide\u00a0(12 Pas) et les groupes de soutien.<br \/>\n\u2013\u00a0\u00a0\u00a0\u00a0\u00a0\u00a0\u00a0\u00a0\u00a0 L\u2019importance de la communication et de l\u2019environnement sain familiale (\u00e9cole etc) et le soutien psychologique (groupe, etc)<br \/>\n\u2013\u00a0\u00a0\u00a0\u00a0\u00a0\u00a0\u00a0\u00a0\u00a0 Autre types de d\u00e9pendances\u00a0: jeux, ordi, shopping, pornographie, la t\u00e9l\u00e9, affection\/relation etc\u00a0; kit &amp; fiches pratiques, exercices mindfulness (prise de conscience), hypnose en th\u00e9rapie (audo) Bestherapie\u00a0: disponibles pendant les conf\u00e9rences et les ateliers Bestherapie et bient\u00f4t sur le site Bestherapie.com).<\/p>\n<p><strong>Conclusion \/ Q&amp;R (t\u00e9moignages)<\/strong><\/p>\n<p><strong>Note\u00a0:\u00a0<\/strong>Les conf\u00e9rences &amp; les ateliers Bestherapie sont r\u00e9alis\u00e9s en totalit\u00e9 par Bestherapie (contenu, informations etc)\u00a0; les brochures et le mat\u00e9riel (fiches, exercices pratiques, mindfulness, visualisation, hypnose th\u00e9rapeutique etc) et les ressources sont disponibles pendant les conf\u00e9rences, pendant les ateliers Bestherapie, sur demande. Pour plus de d\u00e9tails, veuillez consulter la page\u00a0<strong>Mentions l\u00e9gales<\/strong>\u00a0(droits d\u2019auteur) ou contacter Roxana Chobriat\u00a0<a title=\"contact\" href=\"http:\/\/bestherapie.com\/contact-2\/\"><strong>ici<\/strong><\/a><\/p>\n","protected":false},"excerpt":{"rendered":"<p>Pour conna\u00eetre les dates de cette conf\u00e9rence, merci de consulter cette\u00a0page. Dur\u00e9e: 1h.30 \u2013 2h Public concern\u00e9\u00a0:\u00a0parents, personnes qui travaillent (m\u00eame b\u00e9n\u00e9volement) et qui rencontrent ces probl\u00e8mes. M\u00e9thodes et outils\u00a0:\u00a0pr\u00e9sentation power point; fiches pratiques\u00a0: test (Votre ado, est-t-il accro)\u00a0;\u00a0outils pour les parents\u00a0: (comment communiquer avec les ados\u00a0; choses \u00e0 faire \u00e0 ne pas faire; astuces [&hellip;]<\/p>\n","protected":false},"author":1001003,"featured_media":0,"parent":0,"menu_order":0,"comment_status":"closed","ping_status":"closed","template":"","meta":{"_et_pb_use_builder":"","_et_pb_old_content":"","_et_gb_content_width":"","footnotes":""},"class_list":["post-939","page","type-page","status-publish","hentry"],"aioseo_notices":[],"_links":{"self":[{"href":"https:\/\/bestherapie.com\/en\/wp-json\/wp\/v2\/pages\/939","targetHints":{"allow":["GET"]}}],"collection":[{"href":"https:\/\/bestherapie.com\/en\/wp-json\/wp\/v2\/pages"}],"about":[{"href":"https:\/\/bestherapie.com\/en\/wp-json\/wp\/v2\/types\/page"}],"author":[{"embeddable":true,"href":"https:\/\/bestherapie.com\/en\/wp-json\/wp\/v2\/users\/1001003"}],"replies":[{"embeddable":true,"href":"https:\/\/bestherapie.com\/en\/wp-json\/wp\/v2\/comments?post=939"}],"version-history":[{"count":5,"href":"https:\/\/bestherapie.com\/en\/wp-json\/wp\/v2\/pages\/939\/revisions"}],"predecessor-version":[{"id":3277,"href":"https:\/\/bestherapie.com\/en\/wp-json\/wp\/v2\/pages\/939\/revisions\/3277"}],"wp:attachment":[{"href":"https:\/\/bestherapie.com\/en\/wp-json\/wp\/v2\/media?parent=939"}],"curies":[{"name":"wp","href":"https:\/\/api.w.org\/{rel}","templated":true}]}}